{"id":48194,"date":"2019-11-20T14:34:46","date_gmt":"2019-11-20T11:34:46","guid":{"rendered":"https:\/\/www.montado.gr\/product\/import-placeholder-for-3271cor\/"},"modified":"2019-12-17T11:26:09","modified_gmt":"2019-12-17T08:26:09","slug":"cork-flap-bag-with-color-contrasting-details","status":"publish","type":"product","link":"https:\/\/www.montado.gr\/en\/product\/cork-flap-bag-with-color-contrasting-details\/","title":{"rendered":"Cork Flap Bag with Color Contrasting Details"},"content":{"rendered":"<p>Mala de pala em corti\u00e7a, com pormenores a contrastar na cor, nos cantos e na pala. &nbsp;A pala a fechar com mola e fecho. No interior cont\u00e9m um bolso com fecho e outro para o telem\u00f3vel. Na parte de tr\u00e1s da mala possui um bolso com fecho. Al\u00e7a de cruzar regul\u00e1vel no tamanho. &nbsp;Na confe\u00e7\u00e3o desta mala n\u00e3o foi usado nenhum material de origem animal.<\/p>\n<p>&#8211; Produto Vegan produzido em Portugal com corti\u00e7a Portuguesa.<\/p>\n<p>&#8211; Eco-Friendly, duradouro, repelente da \u00e1gua e suave ao toque.<\/p>\n<div>\n<div class=\"dimensoes m-y-1\">\n<h6>interior:<\/h6>\n<p> 100% poli\u00e9ster\n            <\/p><\/div>\n<div class=\"dimensoes m-y-1\">\n<h6>exterior:<\/h6>\n<p>laminado de corti\u00e7a natural em suporte t\u00eaxtil com60% algod\u00e3o e 40%poliester\n            <\/p><\/div>\n<div class=\"dimensoes m-y-1\">\n<h6>acabamento:<\/h6>\n<p>laminado de corti\u00e7a natural em suporte t\u00eaxtil com60% algod\u00e3o e 40%poliester\n            <\/p><\/div><\/div>\n","protected":false},"excerpt":{"rendered":"<p>Mala de pala em corti\u00e7a, com pormenores a contrastar na cor, nos cantos e na pala. &nbsp;A pala a fechar com mola e fecho. No interior cont\u00e9m um bolso com fecho e outro para o telem\u00f3vel. Na parte de tr\u00e1s da mala possui um bolso com fecho. Al\u00e7a de cruzar regul\u00e1vel no tamanho. &nbsp;Na confe\u00e7\u00e3o&hellip;<\/p>\n","protected":false},"featured_media":48010,"template":"","meta":[],"product_cat":[20,30],"product_tag":[64,65,69,67,68],"_links":{"self":[{"href":"https:\/\/www.montado.gr\/en\/wp-json\/wp\/v2\/product\/48194"}],"collection":[{"href":"https:\/\/www.montado.gr\/en\/wp-json\/wp\/v2\/product"}],"about":[{"href":"https:\/\/www.montado.gr\/en\/wp-json\/wp\/v2\/types\/product"}],"wp:featuredmedia":[{"embeddable":true,"href":"https:\/\/www.montado.gr\/en\/wp-json\/wp\/v2\/media\/48010"}],"wp:attachment":[{"href":"https:\/\/www.montado.gr\/en\/wp-json\/wp\/v2\/media?parent=48194"}],"wp:term":[{"taxonomy":"product_cat","embeddable":true,"href":"https:\/\/www.montado.gr\/en\/wp-json\/wp\/v2\/product_cat?post=48194"},{"taxonomy":"product_tag","embeddable":true,"href":"https:\/\/www.montado.gr\/en\/wp-json\/wp\/v2\/product_tag?post=48194"}],"curies":[{"name":"wp","href":"https:\/\/api.w.org\/{rel}","templated":true}]}}