{"id":48488,"date":"2019-11-20T15:40:22","date_gmt":"2019-11-20T12:40:22","guid":{"rendered":"https:\/\/www.montado.gr\/product\/import-placeholder-for-56102\/"},"modified":"2019-12-17T11:41:53","modified_gmt":"2019-12-17T08:41:53","slug":"vegan-cork-clip-wallet-for-men","status":"publish","type":"product","link":"https:\/\/www.montado.gr\/en\/product\/vegan-cork-clip-wallet-for-men\/","title":{"rendered":"Vegan Cork Clip Wallet for Men"},"content":{"rendered":"<p>Vegan Cork Clip Wallet for Men<\/p>\n<p>&#8211; 100% animal-free, PETA-approved vegan<\/p>\n<p>&#8211; Sustainable, FSC\u00ae certified cork<\/p>\n<p>&#8211; Product made in Portugal with Portuguese cork.<\/p>\n<p>&#8211; Eco-Friendly, durable, water resistant and soft to touch.<\/p>\n<div>\n<div class=\"dimensoes m-y-1\">\n<h6>interior:<\/h6>\n<p>100% poli\u00e9ster\n            <\/p><\/div>\n<div class=\"dimensoes m-y-1\">\n<h6>exterior:<\/h6>\n<p>laminado de corti\u00e7a natural em suporte t\u00eaxtil com60% algod\u00e3o e 40%poliester\n            <\/p><\/div>\n<div class=\"dimensoes m-y-1\">\n<h6>acabamento:<\/h6>\n<p>laminado de corti\u00e7a natural em suporte t\u00eaxtil com60% algod\u00e3o e 40%poliester\n            <\/p><\/div><\/div>\n","protected":false},"excerpt":{"rendered":"<p>Vegan Cork Clip Wallet for Men<\/p>\n<p>&#8211; 100% animal-free, PETA-approved vegan<\/p>\n<p>&#8211; Sustainable, FSC\u00ae certified cork<\/p>\n<p>&#8211; Product made in Portugal with Portuguese cork.<\/p>\n<p>&#8211; Eco-Friendly, durable, water resistant and soft to touch.<\/p>\n<div>\n<div class=\"dimensoes m-y-1\">\n<h6>interior:<\/h6>\n<p>100% poli\u00e9ster\n            <\/p><\/div>\n<div class=\"dimensoes m-y-1\">\n<h6>exterior:<\/h6>\n<p>laminado de corti\u00e7a natural em suporte t\u00eaxtil com60% algod\u00e3o e 40%poliester\n            <\/p><\/div>\n<div class=\"dimensoes m-y-1\">\n<h6>acabamento:<\/h6>\n<p>laminado de corti\u00e7a natural em suporte t\u00eaxtil com60% algod\u00e3o e 40%poliester\n            <\/p><\/div>\n<\/p><\/div>\n","protected":false},"featured_media":48452,"template":"","meta":[],"product_cat":[27,28,30],"product_tag":[72,71,79,67,68,104],"_links":{"self":[{"href":"https:\/\/www.montado.gr\/en\/wp-json\/wp\/v2\/product\/48488"}],"collection":[{"href":"https:\/\/www.montado.gr\/en\/wp-json\/wp\/v2\/product"}],"about":[{"href":"https:\/\/www.montado.gr\/en\/wp-json\/wp\/v2\/types\/product"}],"wp:featuredmedia":[{"embeddable":true,"href":"https:\/\/www.montado.gr\/en\/wp-json\/wp\/v2\/media\/48452"}],"wp:attachment":[{"href":"https:\/\/www.montado.gr\/en\/wp-json\/wp\/v2\/media?parent=48488"}],"wp:term":[{"taxonomy":"product_cat","embeddable":true,"href":"https:\/\/www.montado.gr\/en\/wp-json\/wp\/v2\/product_cat?post=48488"},{"taxonomy":"product_tag","embeddable":true,"href":"https:\/\/www.montado.gr\/en\/wp-json\/wp\/v2\/product_tag?post=48488"}],"curies":[{"name":"wp","href":"https:\/\/api.w.org\/{rel}","templated":true}]}}